
{"id":2045,"date":"2020-05-05T01:09:40","date_gmt":"2020-05-05T06:09:40","guid":{"rendered":"http:\/\/segurosarb.com\/?page_id=2045"},"modified":"2020-05-07T17:04:14","modified_gmt":"2020-05-07T22:04:14","slug":"normatividad-2","status":"publish","type":"page","link":"https:\/\/segurosarb.com\/?page_id=2045","title":{"rendered":"Normatividad"},"content":{"rendered":"\t\t<div data-elementor-type=\"wp-page\" data-elementor-id=\"2045\" class=\"elementor elementor-2045\">\n\t\t\t\t\t\t<main class=\"elementor-section elementor-top-section elementor-element elementor-element-26d2de11 elementor-section-stretched elementor-section-full_width elementor-section-content-middle elementor-section-height-default elementor-section-height-default\" data-id=\"26d2de11\" data-element_type=\"section\" data-settings=\"{&quot;background_background&quot;:&quot;classic&quot;,&quot;stretch_section&quot;:&quot;section-stretched&quot;}\">\n\t\t\t\t\t\t\t<div class=\"elementor-background-overlay\"><\/div>\n\t\t\t\t\t\t\t<div class=\"elementor-container elementor-column-gap-no\">\n\t\t\t\t\t<div class=\"elementor-column elementor-col-100 elementor-top-column elementor-element elementor-element-1c967378\" data-id=\"1c967378\" data-element_type=\"column\">\n\t\t\t<div class=\"elementor-widget-wrap elementor-element-populated\">\n\t\t\t\t\t\t<div class=\"elementor-element elementor-element-b6d6858 elementor-widget elementor-widget-spacer\" data-id=\"b6d6858\" data-element_type=\"widget\" data-widget_type=\"spacer.default\">\n\t\t\t\t<div class=\"elementor-widget-container\">\n\t\t\t\t\t\t\t<div class=\"elementor-spacer\">\n\t\t\t<div class=\"elementor-spacer-inner\"><\/div>\n\t\t<\/div>\n\t\t\t\t\t\t<\/div>\n\t\t\t\t<\/div>\n\t\t\t\t<div class=\"elementor-element elementor-element-7696f820 elementor-widget elementor-widget-text-editor\" data-id=\"7696f820\" data-element_type=\"widget\" data-widget_type=\"text-editor.default\">\n\t\t\t\t<div class=\"elementor-widget-container\">\n\t\t\t\t\t\t\t\t\t<p>Normatividad<\/p>\t\t\t\t\t\t\t\t<\/div>\n\t\t\t\t<\/div>\n\t\t\t\t<section class=\"elementor-section elementor-inner-section elementor-element elementor-element-58dec83 elementor-section-boxed elementor-section-height-default elementor-section-height-default\" data-id=\"58dec83\" data-element_type=\"section\">\n\t\t\t\t\t\t<div class=\"elementor-container elementor-column-gap-default\">\n\t\t\t\t\t<div class=\"elementor-column elementor-col-33 elementor-inner-column elementor-element elementor-element-d16c97c\" data-id=\"d16c97c\" data-element_type=\"column\">\n\t\t\t<div class=\"elementor-widget-wrap\">\n\t\t\t\t\t\t\t<\/div>\n\t\t<\/div>\n\t\t\t\t<div class=\"elementor-column elementor-col-33 elementor-inner-column elementor-element elementor-element-e7b342d\" data-id=\"e7b342d\" data-element_type=\"column\">\n\t\t\t<div class=\"elementor-widget-wrap elementor-element-populated\">\n\t\t\t\t\t\t<div class=\"elementor-element elementor-element-3a9f750 elementor-widget elementor-widget-text-editor\" data-id=\"3a9f750\" data-element_type=\"widget\" data-widget_type=\"text-editor.default\">\n\t\t\t\t<div class=\"elementor-widget-container\">\n\t\t\t\t\t\t\t\t\t<h3 style=\"text-align: left;\"><span style=\"color: #ffffff;\">Leyes y Modificaciones<\/span><\/h3><ul><li><a href=\"http:\/\/www.alcaldiabogota.gov.co\/sisjur\/normas\/Norma1.jsp?i=304\" target=\"_blank\" rel=\"noopener\">Ley 80<\/a>. (Estatuto General de Contrataci\u00f3n de la Administraci\u00f3n P\u00fablica).<ul><li><a href=\"http:\/\/www.secretariasenado.gov.co\/senado\/basedoc\/ley\/2007\/ley_1150_2007.html\" target=\"_blank\" rel=\"noopener\">Ley 1150 de 2007.<\/a> ( eficiencia y la transparencia en la Ley <a href=\"http:\/\/www.secretariasenado.gov.co\/senado\/basedoc\/ley\/1993\/ley_0080_1993.html#1\">80<\/a> de 1993 y contrataci\u00f3n con Recursos P\u00fablicos).<\/li><li><a href=\"http:\/\/www.contratos.gov.co\/Archivos\/normas\/decreto_2474_2008.pdf\" target=\"_blank\" rel=\"noopener\">Decreto 2474 de 2008<\/a>. (Reglamenta parcialmente la Ley 80 sobre las modalidades de selecci\u00f3n, publicidad y selecci\u00f3n objetiva).<\/li><\/ul><\/li><li><a href=\"https:\/\/segurosarb.com\/wp-content\/uploads\/2009\/01\/dec0777161992.pdf\" target=\"_blank\" rel=\"noopener\">Decreto 777 de 1992.<\/a> (Reglamenta la celebraci\u00f3n de los contratos a que se refiere el inciso segundo del art\u00edculo 355 de la Constituci\u00f3n Pol\u00edtica).<\/li><li><a href=\"https:\/\/segurosarb.com\/wp-content\/uploads\/2011\/11\/ley_610_de_2000.pdf\">Ley_610_de_2000.pdf.<\/a> Por la cual se establece el tr\u00e1mite de los procesos de responsabilidad fiscal de competencia de las contralor\u00edas.<\/li><li><a href=\"https:\/\/segurosarb.com\/wp-content\/uploads\/2009\/10\/ley-675-2001-propiedad-horizontal2.pdf\" target=\"_blank\" rel=\"noopener\">Ley 675 de 2001.<\/a> (r\u00e9gimen de propiedad horizontal).<\/li><li><a href=\"http:\/\/www.contratos.gov.co\/Archivos\/normas\/Decreto_066_2008.pdf\" target=\"_blank\" rel=\"noopener\">Decreto 066 de 2008<\/a>. (modalidades de selecci\u00f3n, publicidad y selecci\u00f3n objetiva)<\/li><li><a href=\"http:\/\/www.contratos.gov.co\/Archivos\/normas\/Decreto%20004828%20de%202008.pdf\" target=\"_blank\" rel=\"noopener\">Decreto 4828 de 24 12 2008.<\/a>(r\u00e9gimen de garant\u00edas en la Contrataci\u00f3n de la Administraci\u00f3n P\u00fablica).<ul><li><a href=\"https:\/\/segurosarb.com\/wp-content\/uploads\/2009\/02\/dec49020022009.pdf\" target=\"_blank\" rel=\"noopener\">Modificaci\u00f3n 490 al Decreto 4828.<\/a><\/li><li><a href=\"https:\/\/segurosarb.com\/wp-content\/uploads\/2009\/01\/decreto-931-de-2009-modifica-el-art6-del-dto-4828.pdf\" target=\"_blank\" rel=\"noopener\">Decreto 931 de 2009 modifica el art 6 del decreto 4828.<\/a><\/li><li><a href=\"..\/wp-content\/uploads\/2009\/01\/dec_931_2009.pdf\" target=\"_blank\" rel=\"noopener\">Decreto 931 de 2009 (modifica el Decreto 4828).<\/a><\/li><li><a href=\"https:\/\/segurosarb.com\/wp-content\/uploads\/2009\/10\/decreto_2493_julio_3_de_2009_%28_Modif._4828%29.pdf\" target=\"_blank\" rel=\"noopener\">Decreto 2493. Julio de 2009 (modif 4828)<\/a>.<\/li><\/ul><\/li><\/ul><ul><li style=\"list-style-type: none;\"><ul><li><a href=\"http:\/\/www.secretariasenado.gov.co\/senado\/basedoc\/ley\/2009\/ley_1328_2009.html\" target=\"_blank\" rel=\"noopener\">Ley 1328. Julio 15 de 2009<\/a>. (normas en materia financiera, de seguros y del mercado de valores).<\/li><li><a href=\"https:\/\/segurosarb.com\/wp-content\/uploads\/2009\/12\/runt-resolucion_6206_de_2009.pdf\" target=\"_blank\" rel=\"noopener\">Registro \u00danico Nacional de Transito RUNT-Resoluci\u00f3n 6206 de 2009.<\/a><\/li><li><a href=\"https:\/\/segurosarb.com\/wp-content\/uploads\/2010\/09\/decreto_2025_de_2009.pdf\" target=\"_blank\" rel=\"noopener\">Decreto 2025 de 2009.<\/a> (modifica parcialmente el Decreto 2474 de 2008).<\/li><li><a href=\"https:\/\/segurosarb.com\/wp-content\/uploads\/2010\/06\/ley138316032010.pdf\" target=\"_blank\" rel=\"noopener\">Ley No 1383 &#8211; Marzo 16 de 2010.<\/a> (C\u00f3digo Nacional de Transito).<\/li><li><a href=\"https:\/\/segurosarb.com\/wp-content\/uploads\/2009\/01\/dec251612072011.pdf\" target=\"_blank\" rel=\"noopener\">Decreto 2516 de julio 12 de 2011.<\/a> Por el cual se reglamenta la modalidad de selecci\u00f3n de M\u00ednima Cuant\u00eda<\/li><li><a href=\"https:\/\/segurosarb.com\/wp-content\/uploads\/2011\/11\/ley1474_2011.pdf\" target=\"_blank\" rel=\"noopener\">Ley 1474 de 2011<\/a>. Por la cual se dictan normas orientadas a fortalecer los mecanismos de prevenci\u00f3n,investigaci\u00f3n y sanci\u00f3n de actos de corrupci\u00f3n y la efectividad del control de la gesti\u00f3n p\u00fablica.<\/li><li><a href=\"http:\/\/wsp.presidencia.gov.co\/Normativa\/Decretos\/2012\/Documents\/Abril\/13\/dec73413042012.pdf\" target=\"_blank\" rel=\"noopener\">Decreto 0734. <\/a>Nueva Reglamentaci\u00f3n Leyes de Contrataci\u00f3n Estatal.<\/li><li><a href=\"https:\/\/segurosarb.com\/wp-content\/uploads\/2009\/01\/DECRETO-1510-Julio-17-de-2013.pdf\" target=\"_blank\" rel=\"noopener\">Decreto 1510 Julio 17 de 2013<\/a>\u00a0<\/li><li><a href=\"https:\/\/segurosarb.com\/wp-content\/uploads\/2015\/07\/Decreto%201082%20del%2026%20de%20mayo%20de%202015_3.pdf\" target=\"_blank\" rel=\"noopener\">Decreto 1082 del 26 de mayo de 2015.<\/a>\u00a1Nuevo!<\/li><\/ul><\/li><\/ul><p><strong>OTROS DOCUMENTOS DE INTERES EN EL SECTOR DE LOS SEGUROS<\/strong><\/p><ul><li><a href=\"https:\/\/segurosarb.com\/wp-content\/uploads\/2009\/01\/concepto_superfinanciera_seriedad_oferta.pdf\" target=\"_blank\" rel=\"noopener\">Seguro de cumplimiento, garant\u00eda de seriedad de la oferta, cobertura, garant\u00eda contratos estatales<br \/>Concepto 2010054304-002 del 21 de septiembre de 2010.<\/a><a href=\"https:\/\/segurosarb.com\/wp-content\/uploads\/2009\/01\/concepto_superfinanciera_seriedad_oferta.pdf\"><strong><br \/><\/strong><\/a><\/li><li><a href=\"https:\/\/segurosarb.com\/wp-content\/uploads\/2010\/02\/fecha-de-expedicion_retroactiva-en-las-polizas-de-cumplimiento.doc\" target=\"_blank\" rel=\"noopener\">Fecha de Expedici\u00f3n Retroactiva en las P\u00f3lizas de Cumplimiento<\/a>.<\/li><li><a href=\"https:\/\/segurosarb.com\/wp-content\/uploads\/2009\/01\/CONCEPTO-1723.docx\" target=\"_blank\" rel=\"noopener\">Garant\u00eda de Seriedad de la oferta en favor de entidades estatales; su objeto. Garant\u00eda de cumplimiento, reposici\u00f3n del valor asegurado.<\/a><\/li><\/ul><ul><li><a href=\"https:\/\/segurosarb.com\/wp-content\/uploads\/2009\/01\/concepto_superfinanciera.pdf\" target=\"_blank\" rel=\"noopener\">Concepto_Superfinanciera sobre el seguro de da\u00f1os.<\/a> ( <em>Car\u00e1cter indemnizatorio. Pago de la indemnizaci\u00f3n. Prueba del siniestro. Prescripci\u00f3n de la acci\u00f3n. <\/em>)<\/li><\/ul><ul><li><a href=\"https:\/\/segurosarb.com\/wp-content\/uploads\/2010\/02\/contraloria-general-de-la-republica-retroactividad.pdf\" target=\"_blank\" rel=\"noopener\">Contralor\u00eda General de la Republica-Retroactividad<\/a>.<\/li><li><a href=\"https:\/\/segurosarb.com\/wp-content\/uploads\/2009\/01\/terminos_de_prescripcion_en_seguros.pdf\" target=\"_blank\" rel=\"noopener\">Terminos_de_prescripcion_en_seguros<\/a><\/li><\/ul><ul><li><a href=\"..\/wp-content\/uploads\/2009\/05\/Carta_Fasecolda_Contraloria.pdf\" target=\"_blank\" rel=\"noopener\">Carta Fasecolda Contraloria<\/a>.<\/li><li><a href=\"..\/wp-content\/uploads\/2009\/01\/sentencia_no22511_poliza_de_cumplimiento.pdf\" target=\"_blank\" rel=\"noopener\">Sentencia_No 22511_P\u00f3liza_de_cumplimiento<\/a>.<\/li><\/ul>\t\t\t\t\t\t\t\t<\/div>\n\t\t\t\t<\/div>\n\t\t\t\t\t<\/div>\n\t\t<\/div>\n\t\t\t\t<div class=\"elementor-column elementor-col-33 elementor-inner-column elementor-element elementor-element-5fd5b6d\" data-id=\"5fd5b6d\" data-element_type=\"column\">\n\t\t\t<div class=\"elementor-widget-wrap\">\n\t\t\t\t\t\t\t<\/div>\n\t\t<\/div>\n\t\t\t\t\t<\/div>\n\t\t<\/section>\n\t\t\t\t<div class=\"elementor-element elementor-element-277d256 elementor-widget elementor-widget-spacer\" data-id=\"277d256\" data-element_type=\"widget\" data-widget_type=\"spacer.default\">\n\t\t\t\t<div class=\"elementor-widget-container\">\n\t\t\t\t\t\t\t<div class=\"elementor-spacer\">\n\t\t\t<div class=\"elementor-spacer-inner\"><\/div>\n\t\t<\/div>\n\t\t\t\t\t\t<\/div>\n\t\t\t\t<\/div>\n\t\t\t\t\t<\/div>\n\t\t<\/div>\n\t\t\t\t\t<\/div>\n\t\t<\/main>\n\t\t\t\t<\/div>\n\t\t","protected":false},"excerpt":{"rendered":"<p>Normatividad Leyes y Modificaciones Ley 80. (Estatuto General de Contrataci\u00f3n de la Administraci\u00f3n P\u00fablica). Ley 1150 de 2007. ( eficiencia y la [&hellip;]<\/p>\n","protected":false},"author":480,"featured_media":0,"parent":0,"menu_order":0,"comment_status":"closed","ping_status":"closed","template":"elementor_header_footer","meta":{"footnotes":""},"class_list":["post-2045","page","type-page","status-publish","hentry"],"_links":{"self":[{"href":"https:\/\/segurosarb.com\/index.php?rest_route=\/wp\/v2\/pages\/2045","targetHints":{"allow":["GET"]}}],"collection":[{"href":"https:\/\/segurosarb.com\/index.php?rest_route=\/wp\/v2\/pages"}],"about":[{"href":"https:\/\/segurosarb.com\/index.php?rest_route=\/wp\/v2\/types\/page"}],"author":[{"embeddable":true,"href":"https:\/\/segurosarb.com\/index.php?rest_route=\/wp\/v2\/users\/480"}],"replies":[{"embeddable":true,"href":"https:\/\/segurosarb.com\/index.php?rest_route=%2Fwp%2Fv2%2Fcomments&post=2045"}],"version-history":[{"count":15,"href":"https:\/\/segurosarb.com\/index.php?rest_route=\/wp\/v2\/pages\/2045\/revisions"}],"predecessor-version":[{"id":2069,"href":"https:\/\/segurosarb.com\/index.php?rest_route=\/wp\/v2\/pages\/2045\/revisions\/2069"}],"wp:attachment":[{"href":"https:\/\/segurosarb.com\/index.php?rest_route=%2Fwp%2Fv2%2Fmedia&parent=2045"}],"curies":[{"name":"wp","href":"https:\/\/api.w.org\/{rel}","templated":true}]}}